{"id":909,"date":"2021-05-17T11:36:53","date_gmt":"2021-05-17T11:36:53","guid":{"rendered":"http:\/\/localhost\/fishing\/?page_id=6"},"modified":"2025-07-07T09:52:24","modified_gmt":"2025-07-07T14:52:24","slug":"nosotros","status":"publish","type":"page","link":"https:\/\/citeacuicolaupch.pe\/portal\/nosotros\/","title":{"rendered":"Nosotros"},"content":{"rendered":"<div class=\"wpb-content-wrapper\"><p>[vc_row tm_bgcolor=\u00bbgrey\u00bb tm_bgimagefixed=\u00bb\u00bb break_in_responsive=\u00bb991&#8243; full_width=\u00bbstretch_row\u00bb css=\u00bb.vc_custom_1626071795373{padding-top: 0px !important;padding-bottom: 113px !important;}\u00bb tm_responsive_css=\u00bb27916766|colbreak_no|||||||||colbreak_no|||||15px||35px||colbreak_no||||||||||colbreak_no|||||||||\u00bb][vc_column width=\u00bb1\/2&#8243; css=\u00bb.vc_custom_1626071618648{margin-top: -115px !important;}\u00bb tm_responsive_css=\u00bb85221388|colbreak_no|||||||||colbreak_no|0px||||||||colbreak_no||||||||||colbreak_no|||||||||\u00bb][vc_empty_space height=\u00bb14rem\u00bb]<div class=\"tm-single-image-wrapper imagestyle-two wpb_single_image vc_align_left \"><div class=\"tm-single-image-inner\"><img decoding=\"async\" src=\"https:\/\/citeacuicolaupch.pe\/portal\/wp-content\/uploads\/2025\/07\/portadacite.jpg\" class=\"tm-single-image-img\" alt=\"\" \/><\/div><\/div>[\/vc_column][vc_column reduce_extra_padding=\u00bb991&#8243; width=\u00bb1\/2&#8243; tm_responsive_css=\u00bb96506699|colbreak_no|||||||||colbreak_no|||||70px||||colbreak_no||||||||||colbreak_no|||||||||\u00bb css=\u00bb.vc_custom_1626072803763{padding-top: 95px !important;padding-left: 30px !important;}\u00bb][vc_empty_space height=\u00bb6rem\u00bb]<div class=\"tm-element-heading-wrapper tm-heading-inner tm-element-align-left tm-seperator-solid tm-heading-style-vertical \"><section class=\"tm-vc_cta3-container\"><div class=\"tm-vc_general tm-vc_cta3 tm-cta3-only tm-vc_cta3-style-classic tm-vc_cta3-shape-rounded tm-vc_cta3-align-left tm-vc_cta3-color-transparent tm-vc_cta3-icon-size-md tm-vc_cta3-actions-no tm-cta3-with-desc\"><div class=\"tm-vc_cta3_content-container\"><div class=\"tm-vc_cta3-content\"><header class=\"tm-vc_cta3-content-header tm-wrap\"><div class=\"tm-vc_cta3-headers tm-wrap-cell\"><h4 class=\"tm-custom-heading \" >Nosotros<\/h4>\n<h2 class=\"tm-custom-heading \" >\u00bfQuienes Somos?<\/h2>\n<\/div><div class=\"heading-seperator\"><span><\/span><\/div><\/header><div class=\"tm-cta3-content-wrapper\"><p><span style=\"font-weight: 400;\">El Centro de Innovaci\u00f3n Productiva y Transferencia Tecnol\u00f3gica Acu\u00edcola Privado de la Universidad Peruana Cayetano Heredia (CITEacu\u00edcola UPCH) es una empresa de base tecnol\u00f3gica orientada a los sectores acu\u00edcola y pesquero, que opera en el marco del Centro de Investigaci\u00f3n para el Desarrollo Integral y Sostenible (CIDIS) de nuestra universidad. La constituci\u00f3n del CITEacu\u00edcola UPCH fue aprobada por el Instituto Tecnol\u00f3gico de la Producci\u00f3n (ITP), del Ministerio de la Producci\u00f3n, mediante Resoluci\u00f3n 077-2015-ITP\/DE.<\/span><\/p>\n<p><span style=\"font-weight: 400;\">El CITEacu\u00edcola UPCH tiene como finalidad contribuir a la mejora de la productividad y competitividad de las empresas, asociaciones y organizaciones del sector acu\u00edcola y pesquero de manera sostenible a trav\u00e9s de la prestaci\u00f3n de servicios de capacitaci\u00f3n, informaci\u00f3n, investigaci\u00f3n, innovaci\u00f3n y desarrollo.<\/span><\/p><\/div><\/div><\/div><\/div><\/section><\/div> <!-- .tm-element-heading-wrapper container --> [\/vc_column][\/vc_row][vc_row tm_bgimagefixed=\u00bb\u00bb break_in_responsive=\u00bb991&#8243; full_width=\u00bbstretch_row\u00bb css=\u00bb.vc_custom_1717419535686{padding-top: 110px !important;padding-bottom: 50px !important;}\u00bb tm_responsive_css=\u00bb46178918|colbreak_no|||||||||colbreak_no|||||65px||0px||colbreak_no||||||||||colbreak_no|||||||||\u00bb][vc_column reduce_extra_padding=\u00bb991&#8243; tm_responsive_css=\u00bb64061151|colbreak_no|||||||||colbreak_no|||||||30px||colbreak_no||||||||||colbreak_no|||||||||\u00bb css=\u00bb.vc_custom_1717193051637{padding-right: 60px !important;padding-bottom: 0px !important;}\u00bb][vc_tta_tabs title_tag=\u00bbh3&#8243; color=\u00bbblack\u00bb spacing=\u00bb5&#8243; gap=\u00bb5&#8243; active_section=\u00bb1&#8243; el_class=\u00bbtm-fluid-menu\u00bb][vc_tta_section title=\u00bbMisi\u00f3n\u00bb tab_id=\u00bbmision\u00bb][vc_row_inner css=\u00bb.vc_custom_1626160770317{margin-top: -25px !important;padding-bottom: 30px !important;}\u00bb tm_responsive_css=\u00bb51731931|colbreak_no|||||||||colbreak_no|||||||||colbreak_no|0||||||15||480px|colbreak_no|||||||0||\u00bb][vc_column_inner][vc_column_text el_class=\u00bbtm-media-text\u00bb]<img fetchpriority=\"high\" decoding=\"async\" class=\"wp-image-2999 size-medium alignleft\" src=\"https:\/\/citeacuicolaupch.pe\/portal\/wp-content\/uploads\/2025\/03\/Mision--300x200.jpg\" alt=\"\" width=\"300\" height=\"200\" srcset=\"https:\/\/citeacuicolaupch.pe\/portal\/wp-content\/uploads\/2025\/03\/Mision--300x200.jpg 300w, https:\/\/citeacuicolaupch.pe\/portal\/wp-content\/uploads\/2025\/03\/Mision--1024x683.jpg 1024w, https:\/\/citeacuicolaupch.pe\/portal\/wp-content\/uploads\/2025\/03\/Mision--768x512.jpg 768w, https:\/\/citeacuicolaupch.pe\/portal\/wp-content\/uploads\/2025\/03\/Mision--1536x1024.jpg 1536w, https:\/\/citeacuicolaupch.pe\/portal\/wp-content\/uploads\/2025\/03\/Mision--2048x1365.jpg 2048w, https:\/\/citeacuicolaupch.pe\/portal\/wp-content\/uploads\/2025\/03\/Mision--1200x800.jpg 1200w\" sizes=\"(max-width: 300px) 100vw, 300px\" \/><\/p>\n<p><strong>Misi\u00f3n<\/strong><\/p>\n<p>Fortalecer el sector acu\u00edcola y pesquero mediante la investigaci\u00f3n avanzada, la innovaci\u00f3n tecnol\u00f3gica y la prestaci\u00f3n de servicios especializados en control de calidad. Nos dedicamos a mejorar la productividad y la competitividad de las empresas del sector, asegurando la calidad y seguridad de los productos hidrobiol\u00f3gicos a trav\u00e9s de un enfoque sostenible y alineado con los m\u00e1s altos est\u00e1ndares internacionales.[\/vc_column_text][\/vc_column_inner][\/vc_row_inner][\/vc_tta_section][vc_tta_section title=\u00bbVisi\u00f3n\u00bb tab_id=\u00bbvision\u00bb][vc_row_inner css=\u00bb.vc_custom_1626160756981{margin-top: -25px !important;padding-bottom: 30px !important;}\u00bb tm_responsive_css=\u00bb49976948|colbreak_no|||||||||colbreak_no|||||||||colbreak_no|0||||||15||480px|colbreak_no|||||||0||\u00bb][vc_column_inner][vc_column_text el_class=\u00bbtm-media-text\u00bb]<img decoding=\"async\" class=\"wp-image-3003 size-medium alignleft\" src=\"https:\/\/citeacuicolaupch.pe\/portal\/wp-content\/uploads\/2025\/03\/Vision--300x225.jpg\" alt=\"\" width=\"300\" height=\"225\" srcset=\"https:\/\/citeacuicolaupch.pe\/portal\/wp-content\/uploads\/2025\/03\/Vision--300x225.jpg 300w, https:\/\/citeacuicolaupch.pe\/portal\/wp-content\/uploads\/2025\/03\/Vision--1024x768.jpg 1024w, https:\/\/citeacuicolaupch.pe\/portal\/wp-content\/uploads\/2025\/03\/Vision--768x576.jpg 768w, https:\/\/citeacuicolaupch.pe\/portal\/wp-content\/uploads\/2025\/03\/Vision-.jpg 1080w\" sizes=\"(max-width: 300px) 100vw, 300px\" \/><\/p>\n<p><strong style=\"font-size: 16px;\">Visi\u00f3n<\/strong><br \/>\nSer el referente nacional e internacional en innovaci\u00f3n y calidad para el sector acu\u00edcola y pesquero, integrando investigaci\u00f3n avanzada, desarrollo tecnol\u00f3gico y control riguroso de calidad para promover un desarrollo sostenible y competitivo en la industria.[\/vc_column_text][\/vc_column_inner][\/vc_row_inner][\/vc_tta_section][\/vc_tta_tabs][\/vc_column][\/vc_row][vc_row tm_bgimagefixed=\u00bb\u00bb full_width=\u00bbstretch_row\u00bb css=\u00bb.vc_custom_1717419519941{padding-top: 0px !important;padding-bottom: 0px !important;}\u00bb tm_responsive_css=\u00bb71744647|colbreak_no|||||||||colbreak_no|||||60||||colbreak_no||||||||||colbreak_no|||||||||\u00bb][vc_column]<div class=\"tm-element-heading-wrapper tm-heading-inner tm-element-align-center tm-seperator-solid tm-heading-style-vertical \"><section class=\"tm-vc_cta3-container\"><div class=\"tm-vc_general tm-vc_cta3 tm-cta3-only tm-vc_cta3-style-classic tm-vc_cta3-shape-rounded tm-vc_cta3-align-center tm-vc_cta3-color-transparent tm-vc_cta3-icon-size-md tm-vc_cta3-actions-no tm-cta3-without-desc\"><div class=\"tm-vc_cta3_content-container\"><div class=\"tm-vc_cta3-content\"><header class=\"tm-vc_cta3-content-header tm-wrap\"><div class=\"tm-vc_cta3-headers tm-wrap-cell\"><h2 class=\"tm-custom-heading \" >Reconocimiento y logros<\/h2>\n<\/div><div class=\"heading-seperator\"><span><\/span><\/div><\/header><\/div><\/div><\/div><\/section><\/div> <!-- .tm-element-heading-wrapper container --> [\/vc_column][\/vc_row][vc_row tm_bgimagefixed=\u00bb\u00bb break_in_responsive=\u00bb991&#8243; full_width=\u00bbstretch_row\u00bb css=\u00bb.vc_custom_1717421369840{padding-top: 15px !important;padding-bottom: 30px !important;}\u00bb tm_responsive_css=\u00bb57294647|colbreak_no|||||||||colbreak_no|||||||35px||colbreak_no||||||||||colbreak_no|||||||||\u00bb][vc_column width=\u00bb1\/2&#8243;][vc_single_image image=\u00bb3006&#8243; img_size=\u00bb555&#215;420&#8243;][\/vc_column][vc_column width=\u00bb1\/2&#8243; css=\u00bb.vc_custom_1626073798075{padding-left: 30px !important;}\u00bb tm_responsive_css=\u00bb76107612|colbreak_no|||||||||colbreak_no||||||||15px|colbreak_no||||||||||colbreak_no|||||||||\u00bb][vc_tta_accordion color=\u00bbgrey\u00bb c_icon=\u00bbchevron\u00bb c_position=\u00bbright\u00bb active_section=\u00bb2&#8243;][vc_tta_section title=\u00bbMedalla de plata\u00bb tab_id=\u00bb1613989417130-ce4c12ce-63b8&#8243;][vc_column_text]<span style=\"font-weight: 400;\">\u00abSistema de recirculaci\u00f3n de agua para laboratorio m\u00f3vil de producci\u00f3n de semillas de moluscos bivalvos y otras especies hidrobiol\u00f3gicas\u00bb Feria Internacional de inventos de mujeres de Corea del Sur ,\u00a0 2022.<\/span>[\/vc_column_text][\/vc_tta_section][vc_tta_section title=\u00bbMedalla de bronce\u00bb tab_id=\u00bb1613989417137-9c36e3ca-1c81&#8243;][vc_column_text]<span style=\"font-weight: 400;\">\u00abC\u00e1mara insulada para refrigeraci\u00f3n de productos hidrobiol\u00f3gicos obtenidos de pesca artesanal\u00bb\u00a0Feria Internacional de inventos de mujeres de Corea del Sur\u00a0 2022<\/span>[\/vc_column_text][\/vc_tta_section][vc_tta_section title=\u00bbAcreditaciones\u00bb tab_id=\u00bb1613990402246-c17a3ff8-0433&#8243;][vc_column_text]<\/p>\n<ul>\n<li><span style=\"font-weight: 400;\">Acreditaci\u00f3n del Laboratorio de Control de Calidad y Seguridad Alimentaria (LaCCSA) con la norma ISO 17025 Instituto Nacional de la Calidad , 2015, 2018<\/span><\/li>\n<\/ul>\n<p>[\/vc_column_text][\/vc_tta_section][vc_tta_section title=\u00bbOtros\u00bb tab_id=\u00bb1613990520585-bd343e21-a406&#8243;][vc_column_text]<\/p>\n<ul>\n<li><span style=\"font-weight: 400;\">Contribuci\u00f3n al Desarrollo Sostenible de las Exportaciones Pesqueras y Acu\u00edcolas\u00a0Asociaci\u00f3n de Exportadores (ADEX), V Foro Almuerzo del Exportador Acu\u00edcola y Pesquero, 2016<\/span><\/li>\n<li><span style=\"font-weight: 400;\">Autorizaci\u00f3n como entidad de Ensayo<\/span><\/li>\n<li>Reconocimiento por la contribuci\u00f3n del Paquete Tecnol\u00f3gico de Producci\u00f3n de Semillas de Concha de Abanico.<\/li>\n<\/ul>\n<p>[\/vc_column_text][\/vc_tta_section][\/vc_tta_accordion][\/vc_column][\/vc_row]<\/p>\n<\/div>","protected":false},"excerpt":{"rendered":"<p>[vc_row tm_bgcolor=\u00bbgrey\u00bb tm_bgimagefixed=\u00bb\u00bb break_in_responsive=\u00bb991&#8243; full_width=\u00bbstretch_row\u00bb css=\u00bb.vc_custom_1626071795373{padding-top: 0px !important;padding-bottom: 113px !important;}\u00bb tm_responsive_css=\u00bb27916766|colbreak_no|||||||||colbreak_no|||||15px||35px||colbreak_no||||||||||colbreak_no|||||||||\u00bb][vc_column width=\u00bb1\/2&#8243; css=\u00bb.vc_custom_1626071618648{margin-top: -115px !important;}\u00bb tm_responsive_css=\u00bb85221388|colbreak_no|||||||||colbreak_no|0px||||||||colbreak_no||||||||||colbreak_no|||||||||\u00bb][vc_empty_space height=\u00bb14rem\u00bb][\/vc_column][vc_column reduce_extra_padding=\u00bb991&#8243; width=\u00bb1\/2&#8243; tm_responsive_css=\u00bb96506699|colbreak_no|||||||||colbreak_no|||||70px||||colbreak_no||||||||||colbreak_no|||||||||\u00bb css=\u00bb.vc_custom_1626072803763{padding-top: 95px !important;padding-left: 30px !important;}\u00bb][vc_empty_space height=\u00bb6rem\u00bb][\/vc_column][\/vc_row][vc_row tm_bgimagefixed=\u00bb\u00bb break_in_responsive=\u00bb991&#8243; full_width=\u00bbstretch_row\u00bb css=\u00bb.vc_custom_1717419535686{padding-top: 110px !important;padding-bottom: 50px !important;}\u00bb tm_responsive_css=\u00bb46178918|colbreak_no|||||||||colbreak_no|||||65px||0px||colbreak_no||||||||||colbreak_no|||||||||\u00bb][vc_column reduce_extra_padding=\u00bb991&#8243; tm_responsive_css=\u00bb64061151|colbreak_no|||||||||colbreak_no|||||||30px||colbreak_no||||||||||colbreak_no|||||||||\u00bb css=\u00bb.vc_custom_1717193051637{padding-right: 60px !important;padding-bottom: 0px !important;}\u00bb][vc_tta_tabs title_tag=\u00bbh3&#8243; color=\u00bbblack\u00bb spacing=\u00bb5&#8243; gap=\u00bb5&#8243; active_section=\u00bb1&#8243; el_class=\u00bbtm-fluid-menu\u00bb][vc_tta_section title=\u00bbMisi\u00f3n\u00bb tab_id=\u00bbmision\u00bb][vc_row_inner css=\u00bb.vc_custom_1626160770317{margin-top: -25px !important;padding-bottom: 30px !important;}\u00bb &hellip; <a href=\"https:\/\/citeacuicolaupch.pe\/portal\/nosotros\/\" class=\"more-link\">Continue reading <span class=\"screen-reader-text\">Nosotros<\/span><\/a><\/p>\n","protected":false},"author":1,"featured_media":0,"parent":0,"menu_order":0,"comment_status":"closed","ping_status":"closed","template":"","meta":{"footnotes":""},"class_list":["post-909","page","type-page","status-publish","hentry"],"_links":{"self":[{"href":"https:\/\/citeacuicolaupch.pe\/portal\/wp-json\/wp\/v2\/pages\/909","targetHints":{"allow":["GET"]}}],"collection":[{"href":"https:\/\/citeacuicolaupch.pe\/portal\/wp-json\/wp\/v2\/pages"}],"about":[{"href":"https:\/\/citeacuicolaupch.pe\/portal\/wp-json\/wp\/v2\/types\/page"}],"author":[{"embeddable":true,"href":"https:\/\/citeacuicolaupch.pe\/portal\/wp-json\/wp\/v2\/users\/1"}],"replies":[{"embeddable":true,"href":"https:\/\/citeacuicolaupch.pe\/portal\/wp-json\/wp\/v2\/comments?post=909"}],"version-history":[{"count":77,"href":"https:\/\/citeacuicolaupch.pe\/portal\/wp-json\/wp\/v2\/pages\/909\/revisions"}],"predecessor-version":[{"id":3072,"href":"https:\/\/citeacuicolaupch.pe\/portal\/wp-json\/wp\/v2\/pages\/909\/revisions\/3072"}],"wp:attachment":[{"href":"https:\/\/citeacuicolaupch.pe\/portal\/wp-json\/wp\/v2\/media?parent=909"}],"curies":[{"name":"wp","href":"https:\/\/api.w.org\/{rel}","templated":true}]}}