{"id":2605,"date":"2021-05-17T11:41:43","date_gmt":"2021-05-17T11:41:43","guid":{"rendered":"http:\/\/localhost\/fishing\/?page_id=9"},"modified":"2025-05-07T11:43:38","modified_gmt":"2025-05-07T16:43:38","slug":"contacto","status":"publish","type":"page","link":"https:\/\/citeacuicolaupch.pe\/portal\/contacto\/","title":{"rendered":"Contacto"},"content":{"rendered":"<div class=\"wpb-content-wrapper\"><p>[vc_row tm_bgcolor=\u00bbgrey\u00bb tm_bgimagefixed=\u00bb\u00bb break_in_responsive=\u00bb991&#8243; full_width=\u00bbstretch_row\u00bb tm_responsive_css=\u00bb95286344|colbreak_no|||||||||colbreak_no|||||40||60||colbreak_no||||||||||colbreak_no|||||||||\u00bb css=\u00bb.vc_custom_1625229613684{padding-bottom: 100px !important;}\u00bb][vc_column]<div class=\"tm-element-heading-wrapper tm-heading-inner tm-element-align-center tm-seperator-solid tm-heading-style-vertical \"><section class=\"tm-vc_cta3-container\"><div class=\"tm-vc_general tm-vc_cta3 tm-cta3-only tm-vc_cta3-style-classic tm-vc_cta3-shape-rounded tm-vc_cta3-align-center tm-vc_cta3-color-transparent tm-vc_cta3-icon-size-md tm-vc_cta3-actions-no tm-cta3-with-desc\"><div class=\"tm-vc_cta3_content-container\"><div class=\"tm-vc_cta3-content\"><header class=\"tm-vc_cta3-content-header tm-wrap\"><div class=\"tm-vc_cta3-headers tm-wrap-cell\"><h4 class=\"tm-custom-heading \" >Contacto<\/h4>\n<h2 class=\"tm-custom-heading \" >\u00bfDeseas Contactarnos?<\/h2>\n<\/div><div class=\"heading-seperator\"><span><\/span><\/div><\/header><div class=\"tm-cta3-content-wrapper\"><p>A continuaci\u00f3n te describimos los datos de contacto y tambi\u00e9n informaci\u00f3n de nuestras sedes<\/p><\/div><\/div><\/div><\/div><\/section><\/div> <!-- .tm-element-heading-wrapper container --> [vc_row_inner equal_height=\u00bbyes\u00bb el_class=\u00bbborder-rad-5px\u00bb tm_responsive_css=\u00bb11711807|colbreak_no|||||||||colbreak_no||15||15||0|||colbreak_no||||||||||colbreak_no|||||||||\u00bb css=\u00bb.vc_custom_1626074235642{margin-right: 0px !important;margin-left: 0px !important;padding-top: 15px !important;}\u00bb][vc_column_inner tm_bgcolor=\u00bbwhite\u00bb width=\u00bb1\/2&#8243; css=\u00bb.vc_custom_1626074254649{padding-top: 35px !important;padding-right: 40px !important;padding-bottom: 40px !important;padding-left: 40px !important;}\u00bb tm_responsive_css=\u00bb57693917|colbreak_no|||||||||colbreak_no||0||1|50|50|50|50|colbreak_no||||||||||colbreak_no|||||||||\u00bb]\n<div class=\"wpcf7 no-js\" id=\"wpcf7-f892-o1\" lang=\"en-US\" dir=\"ltr\" data-wpcf7-id=\"892\">\n<div class=\"screen-reader-response\"><p role=\"status\" aria-live=\"polite\" aria-atomic=\"true\"><\/p> <ul><\/ul><\/div>\n<form action=\"\/portal\/wp-json\/wp\/v2\/pages\/2605#wpcf7-f892-o1\" method=\"post\" class=\"wpcf7-form init\" aria-label=\"Contact form\" novalidate=\"novalidate\" data-status=\"init\">\n<fieldset class=\"hidden-fields-container\"><input type=\"hidden\" name=\"_wpcf7\" value=\"892\" \/><input type=\"hidden\" name=\"_wpcf7_version\" value=\"6.1\" \/><input type=\"hidden\" name=\"_wpcf7_locale\" value=\"en_US\" \/><input type=\"hidden\" name=\"_wpcf7_unit_tag\" value=\"wpcf7-f892-o1\" \/><input type=\"hidden\" name=\"_wpcf7_container_post\" value=\"0\" \/><input type=\"hidden\" name=\"_wpcf7_posted_data_hash\" value=\"\" \/>\n<\/fieldset>\n<div class=\"tm-commonform tm-teamcontact-form\">\n\t<div class=\"row\">\n\t\t<div class=\"col-md-6\">\n\t\t\t<p><span class=\"wpcf7-form-control-wrap\" data-name=\"your-name\"><input size=\"40\" maxlength=\"400\" class=\"wpcf7-form-control wpcf7-text wpcf7-validates-as-required\" aria-required=\"true\" aria-invalid=\"false\" placeholder=\"Nombre y apellido*\" value=\"\" type=\"text\" name=\"your-name\" \/><\/span>\n\t\t\t<\/p>\n\t\t<\/div>\n\t\t<div class=\"col-md-6\">\n\t\t\t<p><span class=\"wpcf7-form-control-wrap\" data-name=\"your-email\"><input size=\"40\" maxlength=\"400\" class=\"wpcf7-form-control wpcf7-email wpcf7-validates-as-required wpcf7-text wpcf7-validates-as-email\" aria-required=\"true\" aria-invalid=\"false\" placeholder=\"Correo electronico*\" value=\"\" type=\"email\" name=\"your-email\" \/><\/span>\n\t\t\t<\/p>\n\t\t<\/div>\n\t<\/div>\n\t<div class=\"row\">\n\t\t<div class=\"col-md-6\">\n\t\t\t<p><span class=\"wpcf7-form-control-wrap\" data-name=\"your-phone\"><input size=\"40\" maxlength=\"400\" class=\"wpcf7-form-control wpcf7-text\" aria-invalid=\"false\" placeholder=\"Celular*\" value=\"\" type=\"text\" name=\"your-phone\" \/><\/span>\n\t\t\t<\/p>\n\t\t<\/div>\n\t\t<div class=\"col-md-6\">\n\t\t\t<p><span class=\"wpcf7-form-control-wrap\" data-name=\"subject\"><input size=\"40\" maxlength=\"400\" class=\"wpcf7-form-control wpcf7-text\" aria-invalid=\"false\" placeholder=\"Asunto*\" value=\"\" type=\"text\" name=\"subject\" \/><\/span>\n\t\t\t<\/p>\n\t\t<\/div>\n\t<\/div>\n\t<div class=\"row\">\n\t\t<div class=\"col-md-12\">\n\t\t\t<p><span class=\"wpcf7-form-control-wrap\" data-name=\"your-message\"><textarea cols=\"42\" rows=\"5\" maxlength=\"2000\" class=\"wpcf7-form-control wpcf7-textarea\" aria-invalid=\"false\" placeholder=\"Mensaje\" name=\"your-message\"><\/textarea><\/span>\n\t\t\t<\/p>\n\t\t<\/div>\n\t<\/div>\n\t<div class=\"row\">\n\t\t<div class=\"col-md-12\">\n\t\t\t<p><input class=\"wpcf7-form-control wpcf7-submit has-spinner tm-vc_general tm-vc_btn3 tm-vc_btn3-size-md tm-vc_btn3-style-flat tm-vc_btn3-shape-rounded tm-vc_btn3-color-skincolor\" type=\"submit\" value=\"Enviar datos\" \/>\n\t\t\t<div class=\"wpcf7-response-output\" aria-hidden=\"true\"><\/div>\n\t\t<\/div>\n\t<\/div>\n<\/div>\n<\/form>\n<\/div>\n[\/vc_column_inner][vc_column_inner tm_bgcolor=\u00bbwhite\u00bb width=\u00bb1\/2&#8243; css=\u00bb.vc_custom_1626074407594{margin-left: 30px !important;padding-top: 20px !important;padding-right: 35px !important;padding-bottom: 20px !important;padding-left: 35px !important;}\u00bb tm_responsive_css=\u00bb22111024|colbreak_no|||||||||colbreak_no|30|0px||0|||||colbreak_no||||||||||colbreak_no|||||||||\u00bb]<div class=\"themetechmount-iconbox themetechmount-iconbox-styletwo \">\n\t<div class=\"themetechmount-iconbox-inner tm-textalign-left\">\n\t\t<div class=\"tm-iconbox-wrapper\">\n\t\t\t<div class=\"themetechmount-iconbox-icon \">\n\t\t\t\t<div class=\"tm-box-icon\"><i class=\"kw_aqovo flaticon-email\"><\/i><\/div>\t\n\t\t\t<\/div>\n\t\t\t<div class=\"themetechmount-iconbox-heading\">\n\t\t\t\t<div class=\"tm-vc_general tm-vc_cta3 tm-cta3-only tm-vc_cta3-style-classic tm-vc_cta3-shape-rounded tm-vc_cta3-align-left tm-vc_cta3-color-transparent tm-vc_cta3-icon-size-md tm-vc_cta3-actions-no tm-cta3-without-desc\"><div class=\"tm-vc_cta3_content-container\"><div class=\"tm-vc_cta3-content\"><header class=\"tm-vc_cta3-content-header tm-wrap\"><div class=\"tm-vc_cta3-headers tm-wrap-cell\"><\/div><div class=\"heading-seperator\"><span><\/span><\/div><\/header><\/div><\/div><\/div>\t\t\t\t\t<div class=\"tm-iconbox-boxcontent\">\t\t\t\n\t\t\t\t\t<div class=\"tm-cta3-content-wrapper\">citeacuicola.administracion@oficinas-upch.pe<br \/>\nciteacuicola.gestion@oficinas-upch.pe<\/p>\n<p>(01) 31 90000 &#8211; anexo 233233<\/div>\t\t\t\t\t<\/div>\n\t\t\t\t\t<div class=\"themetechmount-iconbox-button\">\n\t\t\t\t\t\t\t\t\t\t<\/div>\n\t\t\t<\/div>\t\n\t\t<\/div>\n\t<\/div>\t\n<\/div>\n <div class=\"themetechmount-iconbox themetechmount-iconbox-styletwo \">\n\t<div class=\"themetechmount-iconbox-inner tm-textalign-left\">\n\t\t<div class=\"tm-iconbox-wrapper\">\n\t\t\t<div class=\"themetechmount-iconbox-icon \">\n\t\t\t\t<div class=\"tm-box-icon\"><i class=\"fa fa-whatsapp\"><\/i><\/div>\t\n\t\t\t<\/div>\n\t\t\t<div class=\"themetechmount-iconbox-heading\">\n\t\t\t\t<div class=\"tm-vc_general tm-vc_cta3 tm-cta3-only tm-vc_cta3-style-classic tm-vc_cta3-shape-rounded tm-vc_cta3-align-left tm-vc_cta3-color-transparent tm-vc_cta3-icon-size-md tm-vc_cta3-actions-no tm-cta3-without-desc\"><div class=\"tm-vc_cta3_content-container\"><div class=\"tm-vc_cta3-content\"><header class=\"tm-vc_cta3-content-header tm-wrap\"><div class=\"tm-vc_cta3-headers tm-wrap-cell\"><\/div><div class=\"heading-seperator\"><span><\/span><\/div><\/header><\/div><\/div><\/div>\t\t\t\t\t<div class=\"tm-iconbox-boxcontent\">\t\t\t\n\t\t\t\t\t<div class=\"tm-cta3-content-wrapper\">+51 969 334 889 \/ +51 956 266 761<\/div>\t\t\t\t\t<\/div>\n\t\t\t\t\t<div class=\"themetechmount-iconbox-button\">\n\t\t\t\t\t\t\t\t\t\t<\/div>\n\t\t\t<\/div>\t\n\t\t<\/div>\n\t<\/div>\t\n<\/div>\n <div class=\"themetechmount-iconbox themetechmount-iconbox-styletwo \">\n\t<div class=\"themetechmount-iconbox-inner tm-textalign-left\">\n\t\t<div class=\"tm-iconbox-wrapper\">\n\t\t\t<div class=\"themetechmount-iconbox-icon \">\n\t\t\t\t<div class=\"tm-box-icon\"><i class=\"fa fa-map-marker\"><\/i><\/div>\t\n\t\t\t<\/div>\n\t\t\t<div class=\"themetechmount-iconbox-heading\">\n\t\t\t\t<div class=\"tm-vc_general tm-vc_cta3 tm-cta3-only tm-vc_cta3-style-classic tm-vc_cta3-shape-rounded tm-vc_cta3-align-left tm-vc_cta3-color-transparent tm-vc_cta3-icon-size-md tm-vc_cta3-actions-no tm-cta3-without-desc\"><div class=\"tm-vc_cta3_content-container\"><div class=\"tm-vc_cta3-content\"><header class=\"tm-vc_cta3-content-header tm-wrap\"><div class=\"tm-vc_cta3-headers tm-wrap-cell\"><\/div><div class=\"heading-seperator\"><span><\/span><\/div><\/header><\/div><\/div><\/div>\t\t\t\t\t<div class=\"tm-iconbox-boxcontent\">\t\t\t\n\t\t\t\t\t<div class=\"tm-cta3-content-wrapper\">Av. Honorio Delgado 430, San Mart\u00edn de Porres, Lima, Per\u00fa <\/div>\t\t\t\t\t<\/div>\n\t\t\t\t\t<div class=\"themetechmount-iconbox-button\">\n\t\t\t\t\t\t\t\t\t\t<\/div>\n\t\t\t<\/div>\t\n\t\t<\/div>\n\t<\/div>\t\n<\/div>\n [\/vc_column_inner][\/vc_row_inner][\/vc_column][\/vc_row][vc_row tm_bgimagefixed=\u00bb\u00bb full_width=\u00bbstretch_row\u00bb css=\u00bb.vc_custom_1626075025204{padding-top: 100px !important;padding-bottom: 30px !important;}\u00bb tm_responsive_css=\u00bb72618462|colbreak_no|||||||||colbreak_no|||||50px||||colbreak_no||||||||||colbreak_no|||||||||\u00bb][vc_column][vc_row_inner css=\u00bb.vc_custom_1626078894797{margin-left: 0px !important;}\u00bb tm_responsive_css=\u00bb91279942|colbreak_no|||||||||colbreak_no||||-15px|||||colbreak_no||||||||||colbreak_no|||||||||\u00bb][vc_column_inner tm_bgcolor=\u00bbskincolor\u00bb el_class=\u00bbtm-col-arrow-style\u00bb width=\u00bb1\/3&#8243; css=\u00bb.vc_custom_1626078878669{padding-top: 25px !important;padding-right: 30px !important;padding-bottom: 20px !important;padding-left: 30px !important;}\u00bb]<ul class=\"tm-list tm-list-style-disc tm-list-icon-color-white tm- tm-icon-white tm-list-textsize-xlarge\" style=\"list-style-type:disc\"><li><span class=\"tm-list-li-content\">Sede Lima<\/span><\/li><\/ul><p style=\"text-align:left;font-size:16px;line-height:26px;\" class=\"tm-custom-heading vc_custom_1717599664937\" >Wa: +51 969 334 889<br \/>\nCorreo electr\u00f3nico: citeacuicola.administracion@oficinas-upch.pe<br \/>\nUbicaci\u00f3n: Av. Honorio Delgado 430, San Mart\u00edn de Porres-UPCH, LID 013<\/p>\n<ul class=\"tm-list tm-list-style-disc tm-list-icon-color-white tm- tm-icon-white tm-list-textsize-xlarge\" style=\"list-style-type:disc\"><li><span class=\"tm-list-li-content\">LaCCSA<\/span><\/li><\/ul><p style=\"text-align:left;font-size:16px;line-height:26px;\" class=\"tm-custom-heading vc_custom_1717599771697\" >Correo electr\u00f3nico: citeacuicola.laboratorio@oficinas-upch.pe<br \/>\nUbicaci\u00f3n: Av. Honorio Delgado 430, San Mart\u00edn de Porres- UPCH, LID 407<\/p>\n<ul class=\"tm-list tm-list-style-disc tm-list-icon-color-white tm- tm-icon-white tm-list-textsize-xlarge\" style=\"list-style-type:disc\"><li><span class=\"tm-list-li-content\">Sede Piura<\/span><\/li><\/ul><p style=\"text-align:left;font-size:16px;line-height:26px;\" class=\"tm-custom-heading vc_custom_1717599816737\" >Wa: +51 51 956 266 761<br \/>\nCorreo electr\u00f3nico: citeacuicola.idi@oficinas-upch.pe<br \/>\nUbicaci\u00f3n: Panamericana Norte km 60.5 Cabo Blanco \u2013 El Alto, Talara.<\/p>\n[\/vc_column_inner][vc_column_inner width=\u00bb2\/3&#8243; css=\u00bb.vc_custom_1626078927799{padding-left: 30px !important;}\u00bb tm_responsive_css=\u00bb48846152|colbreak_no|||||||||colbreak_no|15px|||||0px||0px|colbreak_no||||||||||colbreak_no|||||||||\u00bb][vc_gmaps link=\u00bb#E-8_JTNDaWZyYW1lJTIwc3JjJTNEJTIyaHR0cHMlM0ElMkYlMkZ3d3cuZ29vZ2xlLmNvbSUyRm1hcHMlMkZlbWJlZCUzRnBiJTNEJTIxMW0xOCUyMTFtMTIlMjExbTMlMjExZDM5MDIuMjkyMjc4NzE5OTEwNCUyMTJkLTc3LjA1NzEyNTM5OTk5OTk5JTIxM2QtMTIuMDIzMzg4MSUyMTJtMyUyMTFmMCUyMTJmMCUyMTNmMCUyMTNtMiUyMTFpMTAyNCUyMTJpNzY4JTIxNGYxMy4xJTIxM20zJTIxMW0yJTIxMXMweDkxMDVjZWRmNjVmMWY1ZTUlMjUzQTB4ZmJhYmJhYmZiNzlmZTUwMCUyMTJzQXYuJTI1MjBIb25vcmlvJTI1MjBEZWxnYWRvJTI1MjA0MzAlMjUyQyUyNTIwU2FuJTI1MjBNYXJ0JTI1QzMlMjVBRG4lMjUyMGRlJTI1MjBQb3JyZXMlMjUyMDE1MTAyJTIxNWUwJTIxM20yJTIxMXNlcyUyMTJzcGUlMjE0djE3MTc1OTk0MDc1OTAlMjE1bTIlMjExc2VzJTIxMnNwZSUyMiUyMHdpZHRoJTNEJTIyNzQwJTIyJTIwaGVpZ2h0JTNEJTIyMzYwJTIyJTIwc3R5bGUlM0QlMjJib3JkZXIlM0EwJTIyJTIwYWxsb3dmdWxsc2NyZWVuJTNFJTNDJTJGaWZyYW1lJTNF\u00bb size=\u00bb\u00bb css=\u00bb.vc_custom_1717599490879{margin-bottom: 0px !important;}\u00bb][vc_gmaps link=\u00bb#E-8_JTNDaWZyYW1lJTIwc3JjJTNEJTIyaHR0cHMlM0ElMkYlMkZ3d3cuZ29vZ2xlLmNvbSUyRm1hcHMlMkZlbWJlZCUzRnBiJTNEJTIxMW0xMyUyMTFtOCUyMTFtMyUyMTFkMzk3OC45NTA2MDE4ODg2MTklMjEyZC04MS4yMDQ0MDgyJTIxM2QtNC4yMjk4ODgyJTIxM20yJTIxMWkxMDI0JTIxMmk3NjglMjE0ZjEzLjElMjEzbTIlMjExbTElMjEyek5NS3dNVE1uTlRBdU5TSlRJRGd4d3JBeE1pY3dNeTR5SWxjJTIxNWUwJTIxM20yJTIxMXNlcy00MTklMjEyc3BlJTIxNHYxNzQ2NjM2MTgyNjA4JTIxNW0yJTIxMXNlcy00MTklMjEyc3BlJTIyJTIwd2lkdGglM0QlMjI3NDAlMjIlMjBoZWlnaHQlM0QlMjI0NTAlMjIlMjBzdHlsZSUzRCUyMmJvcmRlciUzQTAlM0IlMjIlMjBhbGxvd2Z1bGxzY3JlZW4lM0QlMjIlMjIlMjBsb2FkaW5nJTNEJTIybGF6eSUyMiUyMHJlZmVycmVycG9saWN5JTNEJTIybm8tcmVmZXJyZXItd2hlbi1kb3duZ3JhZGUlMjIlM0UlM0MlMkZpZnJhbWUlM0U=\u00bb size=\u00bb\u00bb css=\u00bb.vc_custom_1746636216664{margin-top: 50px !important;margin-bottom: 50px !important;}\u00bb][\/vc_column_inner][\/vc_row_inner][\/vc_column][\/vc_row]<\/p>\n<\/div>","protected":false},"excerpt":{"rendered":"<p>[vc_row tm_bgcolor=\u00bbgrey\u00bb tm_bgimagefixed=\u00bb\u00bb break_in_responsive=\u00bb991&#8243; full_width=\u00bbstretch_row\u00bb tm_responsive_css=\u00bb95286344|colbreak_no|||||||||colbreak_no|||||40||60||colbreak_no||||||||||colbreak_no|||||||||\u00bb css=\u00bb.vc_custom_1625229613684{padding-bottom: 100px !important;}\u00bb][vc_column][vc_row_inner equal_height=\u00bbyes\u00bb el_class=\u00bbborder-rad-5px\u00bb tm_responsive_css=\u00bb11711807|colbreak_no|||||||||colbreak_no||15||15||0|||colbreak_no||||||||||colbreak_no|||||||||\u00bb css=\u00bb.vc_custom_1626074235642{margin-right: 0px !important;margin-left: 0px !important;padding-top: 15px !important;}\u00bb][vc_column_inner tm_bgcolor=\u00bbwhite\u00bb width=\u00bb1\/2&#8243; css=\u00bb.vc_custom_1626074254649{padding-top: 35px !important;padding-right: 40px !important;padding-bottom: 40px !important;padding-left: 40px !important;}\u00bb tm_responsive_css=\u00bb57693917|colbreak_no|||||||||colbreak_no||0||1|50|50|50|50|colbreak_no||||||||||colbreak_no|||||||||\u00bb][\/vc_column_inner][vc_column_inner tm_bgcolor=\u00bbwhite\u00bb width=\u00bb1\/2&#8243; css=\u00bb.vc_custom_1626074407594{margin-left: 30px !important;padding-top: 20px !important;padding-right: 35px !important;padding-bottom: 20px !important;padding-left: 35px !important;}\u00bb tm_responsive_css=\u00bb22111024|colbreak_no|||||||||colbreak_no|30|0px||0|||||colbreak_no||||||||||colbreak_no|||||||||\u00bb][\/vc_column_inner][\/vc_row_inner][\/vc_column][\/vc_row][vc_row tm_bgimagefixed=\u00bb\u00bb full_width=\u00bbstretch_row\u00bb css=\u00bb.vc_custom_1626075025204{padding-top: 100px !important;padding-bottom: 30px !important;}\u00bb tm_responsive_css=\u00bb72618462|colbreak_no|||||||||colbreak_no|||||50px||||colbreak_no||||||||||colbreak_no|||||||||\u00bb][vc_column][vc_row_inner css=\u00bb.vc_custom_1626078894797{margin-left: 0px &hellip; <a href=\"https:\/\/citeacuicolaupch.pe\/portal\/contacto\/\" class=\"more-link\">Continue reading <span class=\"screen-reader-text\">Contacto<\/span><\/a><\/p>\n","protected":false},"author":1,"featured_media":0,"parent":0,"menu_order":0,"comment_status":"closed","ping_status":"closed","template":"","meta":{"footnotes":""},"class_list":["post-2605","page","type-page","status-publish","hentry"],"_links":{"self":[{"href":"https:\/\/citeacuicolaupch.pe\/portal\/wp-json\/wp\/v2\/pages\/2605","targetHints":{"allow":["GET"]}}],"collection":[{"href":"https:\/\/citeacuicolaupch.pe\/portal\/wp-json\/wp\/v2\/pages"}],"about":[{"href":"https:\/\/citeacuicolaupch.pe\/portal\/wp-json\/wp\/v2\/types\/page"}],"author":[{"embeddable":true,"href":"https:\/\/citeacuicolaupch.pe\/portal\/wp-json\/wp\/v2\/users\/1"}],"replies":[{"embeddable":true,"href":"https:\/\/citeacuicolaupch.pe\/portal\/wp-json\/wp\/v2\/comments?post=2605"}],"version-history":[{"count":25,"href":"https:\/\/citeacuicolaupch.pe\/portal\/wp-json\/wp\/v2\/pages\/2605\/revisions"}],"predecessor-version":[{"id":3063,"href":"https:\/\/citeacuicolaupch.pe\/portal\/wp-json\/wp\/v2\/pages\/2605\/revisions\/3063"}],"wp:attachment":[{"href":"https:\/\/citeacuicolaupch.pe\/portal\/wp-json\/wp\/v2\/media?parent=2605"}],"curies":[{"name":"wp","href":"https:\/\/api.w.org\/{rel}","templated":true}]}}